{"id":1168,"date":"2013-09-03T12:06:20","date_gmt":"2013-09-03T12:06:20","guid":{"rendered":"http:\/\/us-themes.com\/wp\/Astra\/?page_id=1168"},"modified":"2013-10-23T08:21:29","modified_gmt":"2013-10-23T08:21:29","slug":"empresa","status":"publish","type":"page","link":"https:\/\/www.carcrube.es\/esp\/empresa","title":{"rendered":"Empresa"},"content":{"rendered":"<div class=\"l-submain\"><div class=\"l-submain-h g-html i-cf\"><div class=\"g-cols\"><div class=\"full-width\">\n\t<div class=\"wpb_text_column \">\n\t\t<div class=\"wpb_wrapper\">\n\t\t\t\n<h2 style=\"text-align: center;\">Carcrube, experiencia y calidad es nuestro compromiso de servicio<\/h2>\n<div class=\"g-hr type_short\">\n\t\t\t\t\t\t<span class=\"g-hr-h\">\n\t\t\t\t\t\t\t<i class=\"fa fa-star\"><\/i>\n\t\t\t\t\t\t<\/span>\n\t\t\t\t\t<\/div> <strong><span style=\"font-size: large; color: #576676;\">Presentaci\u00f3n<\/span><\/strong><\/p>\n<p style=\"text-align: justify;\">Carcrube es una empresa ubicada en Las Palmas de Gran Canaria desde el a\u00f1o 1.990, pero con m\u00e1s de 50 a\u00f1os de experiencia en el sector naval e industrial.<\/p>\n<p style=\"text-align: justify;\">En estos a\u00f1os hemos prestado nuestros servicios tanto en tierra como en mar, a m\u00faltiples compa\u00f1\u00edas nacionales e internacionales. Realizamos todo tipo de servicios integrales de limpieza, conservaci\u00f3n, pintura, extracci\u00f3n y gesti\u00f3n de residuos, desgasificaci\u00f3n y hundimiento-reflotamiento de buques.<\/p>\n<p style=\"text-align: justify;\">En la planificaci\u00f3n y ejecuci\u00f3n de nuestros trabajos, aplicamos los m\u00e1s rigurosos est\u00e1ndares de calidad y eficacia. Nuestros operarios est\u00e1n altamente cualificados, con formaci\u00f3n espec\u00edfica para las labores que desarrolla. Adem\u00e1s, el alto grado de experiencia nos sit\u00faa como una de las empresas punteras dentro del sector.<\/p>\n<p style=\"text-align: justify;\">Carbrube se estableci\u00f3 en Las Palmas de Gran Canaria el 26 de Febrero de 1990. Su fundador, D. Carmelo Cruz Betancor, decidi\u00f3 consolidar jur\u00eddicamente su dilatada experiencia profesional de m\u00e1s de 50 a\u00f1os. Con sede social en la Explanada Tom\u00e1s Quevedo s\/n, dentro del Puerto de La Luz y de Las Palmas, en la actualidad la empresa sigue estando dirigida por D. Carmelo Cruz Betancor.<\/p>\n<p style=\"text-align: justify;\">Contamos con un equipo de 6 empleados dedicados a la gesti\u00f3n y administraci\u00f3n y m\u00e1s de 20 operarios en la prestaci\u00f3n del servicio directo a nuestros clientes. Disponemos de los mejores Ingenieros en el negocio, tratando de mantener y mejorar nuestros servicios a trav\u00e9s de trabajo en equipo y la inversi\u00f3n en formaci\u00f3n.<\/p>\n<blockquote>\n<p style=\"text-align: justify;\">La evoluci\u00f3n continua de las t\u00e9cnicas y m\u00e9todos de trabajo hace que la formaci\u00f3n sea un aspecto fundamental para conseguir obtener la calidad final esperada en los trabajos.<\/p>\n<\/blockquote>\n<p style=\"text-align: justify;\">La empresa determina unos objetivos de calidad, por medio de los cuales pretende conseguir mejoras cuantificables en las \u00e1reas de la empresa que considera m\u00e1s necesarios, adoptando tambi\u00e9n las medidas necesarias para su seguimiento y control.<\/p>\n<p style=\"text-align: justify;\">La misi\u00f3n de Carcrube S.L. es ayudar en la mejora del bienestar de nuestros\/as clientes\/as a trav\u00e9s de nuestros servicios, ofreciendo a nuestros\/as trabajadores\/as un puesto de trabajo seguro y motivante.<\/p>\n<blockquote>\n<p style=\"text-align: justify;\">En nuestra filosof\u00eda de empresa imperan las personas, que son nuestro principal activo y quienes verdaderamente aportan valor a nuestros procesos y servicios.<\/p>\n<\/blockquote>\n<p style=\"text-align: justify;\">Nuestros principales valores son: la honestidad, el compromiso, la adaptaci\u00f3n a los cambios, la experiencia y el trabajo en equipo. Quienes formamos parte de Carcrube S.L. conocemos muy bien los valores que forman parte de nuestra cultura de empresa desde nuestros or\u00edgenes.<\/p>\n<p><span style=\"color: #576676;\"><strong><span style=\"font-size: large;\">Servicios<\/span><\/strong><\/span><\/p>\n<p style=\"text-align: justify;\">Carcrube le ofrece el mejor servicio integral de limpieza, pintura y mantenimiento de las islas, con una gran relaci\u00f3n calidad-precio. Somos uno de los referentes m\u00e1s competitivos del mercado.<\/p>\n<p style=\"text-align: justify;\">Estamos especializados en el sector naval, si bien tambi\u00e9n poseemos amplia experiencia en la ejecuci\u00f3n de trabajos en tierra a empresas del sector industrial. La calidad y la eficacia en nuestros servicios, nos han catapultado a estar considerados hoy en d\u00eda, como una de las empresas punteras dentro del sector. Contamos entre nuestras filas con personal altamente cualificado, con formaci\u00f3n espec\u00edfica en las labores que desarrolla, y con un alto grado de experiencia.<\/p>\n\n\t\t<\/div> \n\t<\/div> <div class=\"g-hr\">\n\t\t\t\t\t\t<span class=\"g-hr-h\">\n\t\t\t\t\t\t\t<i class=\"fa fa-star\"><\/i>\n\t\t\t\t\t\t<\/span>\n\t\t\t\t\t<\/div><\/div><\/div>\n<\/div><\/div>","protected":false},"excerpt":{"rendered":"Carcrube, experiencia y calidad es nuestro compromiso de servicio Presentaci\u00f3n Carcrube es una empresa ubicada en Las Palmas de Gran Canaria desde el a\u00f1o 1.990, pero con m\u00e1s de 50 a\u00f1os de experiencia en el sector naval e industrial. En","protected":false},"author":1,"featured_media":0,"parent":0,"menu_order":0,"comment_status":"open","ping_status":"open","template":"","meta":[],"_links":{"self":[{"href":"https:\/\/www.carcrube.es\/esp\/wp-json\/wp\/v2\/pages\/1168"}],"collection":[{"href":"https:\/\/www.carcrube.es\/esp\/wp-json\/wp\/v2\/pages"}],"about":[{"href":"https:\/\/www.carcrube.es\/esp\/wp-json\/wp\/v2\/types\/page"}],"author":[{"embeddable":true,"href":"https:\/\/www.carcrube.es\/esp\/wp-json\/wp\/v2\/users\/1"}],"replies":[{"embeddable":true,"href":"https:\/\/www.carcrube.es\/esp\/wp-json\/wp\/v2\/comments?post=1168"}],"version-history":[{"count":9,"href":"https:\/\/www.carcrube.es\/esp\/wp-json\/wp\/v2\/pages\/1168\/revisions"}],"predecessor-version":[{"id":1790,"href":"https:\/\/www.carcrube.es\/esp\/wp-json\/wp\/v2\/pages\/1168\/revisions\/1790"}],"wp:attachment":[{"href":"https:\/\/www.carcrube.es\/esp\/wp-json\/wp\/v2\/media?parent=1168"}],"curies":[{"name":"wp","href":"https:\/\/api.w.org\/{rel}","templated":true}]}}