{"id":15,"date":"2013-05-31T11:58:45","date_gmt":"2013-05-31T11:58:45","guid":{"rendered":"http:\/\/us-themes.com\/wp\/Vittoria\/?page_id=15"},"modified":"2014-07-17T08:22:00","modified_gmt":"2014-07-17T08:22:00","slug":"servicios","status":"publish","type":"page","link":"https:\/\/www.carcrube.es\/esp\/servicios","title":{"rendered":"Servicios"},"content":{"rendered":"<div class=\"l-submain\"><div class=\"l-submain-h g-html i-cf\"><div class=\"g-cols\"><div class=\"one-third\">\n\t<div class=\"wpb_single_image wpb_content_element\">\n\t\t<div class=\"wpb_wrapper\">\n\t\t\t\n\t\t\t<img width=\"311\" height=\"207\" src=\"https:\/\/www.carcrube.es\/esp\/wp-content\/uploads\/2013\/09\/limpieza_superficies.jpg\" class=\"attachment-full\" alt=\"\" loading=\"lazy\" srcset=\"https:\/\/www.carcrube.es\/esp\/wp-content\/uploads\/2013\/09\/limpieza_superficies.jpg 311w, https:\/\/www.carcrube.es\/esp\/wp-content\/uploads\/2013\/09\/limpieza_superficies-300x199.jpg 300w, https:\/\/www.carcrube.es\/esp\/wp-content\/uploads\/2013\/09\/limpieza_superficies-180x120.jpg 180w\" sizes=\"(max-width: 311px) 100vw, 311px\" \/>\n\t\t<\/div> \n\t<\/div> \n\t<div class=\"wpb_text_column \">\n\t\t<div class=\"wpb_wrapper\">\n\t\t\t\n<h4>Tratamiento de superficies<\/h4>\n<p>Limpieza de tanques navales e industriales, limpieza y lavado con agua a presi\u00f3n de todo tipo de superficies, cepillado mec\u00e1nico o manual, desgasificaci\u00f3n de tanques navales e industriales.<\/p>\n\n\t\t<\/div> \n\t<\/div> <\/div><div class=\"one-third\">\n\t<div class=\"wpb_single_image wpb_content_element\">\n\t\t<div class=\"wpb_wrapper\">\n\t\t\t\n\t\t\t<img width=\"311\" height=\"207\" src=\"https:\/\/www.carcrube.es\/esp\/wp-content\/uploads\/2013\/09\/pinturas_especiales.jpg\" class=\"attachment-full\" alt=\"\" loading=\"lazy\" srcset=\"https:\/\/www.carcrube.es\/esp\/wp-content\/uploads\/2013\/09\/pinturas_especiales.jpg 311w, https:\/\/www.carcrube.es\/esp\/wp-content\/uploads\/2013\/09\/pinturas_especiales-300x199.jpg 300w, https:\/\/www.carcrube.es\/esp\/wp-content\/uploads\/2013\/09\/pinturas_especiales-180x120.jpg 180w\" sizes=\"(max-width: 311px) 100vw, 311px\" \/>\n\t\t<\/div> \n\t<\/div> \n\t<div class=\"wpb_text_column \">\n\t\t<div class=\"wpb_wrapper\">\n\t\t\t\n<h4>Pinturas especiales<\/h4>\n<p>Chorreo\u00a0seco, h\u00famedo y waterjetting\u00a0de todo tipo de superficies, pintado de buques, tanques y naves. Pintura especial spray-guard<\/p>\n\n\t\t<\/div> \n\t<\/div> <\/div><div class=\"one-third\">\n\t<div class=\"wpb_single_image wpb_content_element\">\n\t\t<div class=\"wpb_wrapper\">\n\t\t\t\n\t\t\t<img width=\"311\" height=\"207\" src=\"https:\/\/www.carcrube.es\/esp\/wp-content\/uploads\/2013\/09\/gestion_residuos.jpg\" class=\"attachment-full\" alt=\"\" loading=\"lazy\" srcset=\"https:\/\/www.carcrube.es\/esp\/wp-content\/uploads\/2013\/09\/gestion_residuos.jpg 311w, https:\/\/www.carcrube.es\/esp\/wp-content\/uploads\/2013\/09\/gestion_residuos-300x199.jpg 300w, https:\/\/www.carcrube.es\/esp\/wp-content\/uploads\/2013\/09\/gestion_residuos-180x120.jpg 180w\" sizes=\"(max-width: 311px) 100vw, 311px\" \/>\n\t\t<\/div> \n\t<\/div> \n\t<div class=\"wpb_text_column \">\n\t\t<div class=\"wpb_wrapper\">\n\t\t\t\n<h4>Gesti\u00f3n de residuos<\/h4>\n<p>Extracci\u00f3n de residuos en tanques y espacios confinados, gesti\u00f3n de residuos. \n\t\t<\/div> \n\t<\/div> <\/div><\/div><\/div><\/div><div class=\"l-submain color_alternate\"><div class=\"l-submain-h g-html i-cf\"><div class=\"g-cols\"><div class=\"full-width\"><div class=\"w-actionbox color_alternate controls_aside\"><div class=\"w-actionbox-h\"><div class=\"w-actionbox-text\"><h3>Ll\u00e1menos ahora al +34 928 460 002 o env\u00ede un email a carcrube@carcrube.es<\/h3><\/div><div class=\"w-actionbox-controls at_right\"><a class=\"w-actionbox-button g-btn size_big type_primary\" href=\"contact\"><span>CONTACTAR<\/span><\/a><\/div><\/div><\/div><\/div><\/div><\/div><\/div><div class=\"l-submain\"><div class=\"l-submain-h g-html i-cf\"><div class=\"g-cols\"><div class=\"full-width\">\n\t<div class=\"wpb_text_column \">\n\t\t<div class=\"wpb_wrapper\">\n\t\t\t\n<h2 style=\"text-align: center;\">Servicios Principales<\/h2>\n\n\t\t<\/div> \n\t<\/div> <div class=\"g-hr type_short\">\n\t\t\t\t\t\t<span class=\"g-hr-h\">\n\t\t\t\t\t\t\t<i class=\"fa fa-arrow-down\"><\/i>\n\t\t\t\t\t\t<\/span>\n\t\t\t\t\t<\/div><\/div><\/div><div class=\"g-cols\"><div class=\"one-half animate_afc\"><div class=\"w-iconbox icon_left\">\n\t\t\t\t\t\t<div class=\"w-iconbox-h\">\n\t\t\t\t\t\t\t<div class=\"w-iconbox-icon\">\n\t\t\t\t\t\t\t\t<i class=\"fa fa-thumbs-up\"><\/i>\t\t\t<\/div>\n\t\t\t\t\t\t\t<div class=\"w-iconbox-text\">\n\t\t\t\t\t\t\t\t<h3 class=\"w-iconbox-text-title\">Tratamiento de superficies<\/h3>\n\t\t\t\t\t\t\t\t<div class=\"w-iconbox-text-description\">Limpieza de tanques navales e industriales, limpieza y lavado con agua a presi\u00f3n de todo tipo de superficies, cepillado mec\u00e1nico o manual para eliminar part\u00edculas sueltas, desgasificaci\u00f3n de tanques navales e industriales, incluyendo servicio de cuba.<\/div>\n\t\t\t\t\t\t\t\t\n\t\t\t\t\t\t\t<\/div>\n\t\t\t\t\t\t<\/div>\n\t\t\t\t\t<\/div><\/div><div class=\"one-half animate_afc\"><div class=\"w-iconbox icon_left\">\n\t\t\t\t\t\t<div class=\"w-iconbox-h\">\n\t\t\t\t\t\t\t<div class=\"w-iconbox-icon\">\n\t\t\t\t\t\t\t\t<i class=\"fa fa-pencil\"><\/i>\t\t\t<\/div>\n\t\t\t\t\t\t\t<div class=\"w-iconbox-text\">\n\t\t\t\t\t\t\t\t<h3 class=\"w-iconbox-text-title\">Pintura<\/h3>\n\t\t\t\t\t\t\t\t<div class=\"w-iconbox-text-description\">Chorreo abrasivo de todo tipo de superficies, pintado de buques, tanques y naves. Especializados en aplicaci\u00f3n depintura Spray Guard (revestimiento heavy-duty dise\u00f1ado para soportar los efectos de los entornos m\u00e1s severos)<\/div>\n\t\t\t\t\t\t\t\t\n\t\t\t\t\t\t\t<\/div>\n\t\t\t\t\t\t<\/div>\n\t\t\t\t\t<\/div><\/div><\/div><div class=\"g-cols\"><div class=\"full-width\"><div class=\"g-hr type_invisible\">\n\t\t\t\t\t\t<span class=\"g-hr-h\">\n\t\t\t\t\t\t\t<i class=\"fa fa-star\"><\/i>\n\t\t\t\t\t\t<\/span>\n\t\t\t\t\t<\/div><\/div><\/div><div class=\"g-cols\"><div class=\"one-half animate_afl\"><div class=\"w-iconbox icon_left\">\n\t\t\t\t\t\t<div class=\"w-iconbox-h\">\n\t\t\t\t\t\t\t<div class=\"w-iconbox-icon\">\n\t\t\t\t\t\t\t\t<i class=\"fa fa-trash-o\"><\/i>\t\t\t<\/div>\n\t\t\t\t\t\t\t<div class=\"w-iconbox-text\">\n\t\t\t\t\t\t\t\t<h3 class=\"w-iconbox-text-title\">Residuos<\/h3>\n\t\t\t\t\t\t\t\t<div class=\"w-iconbox-text-description\">Extracci\u00f3n de residuos en tanques y espacios confinados, gesti\u00f3n de residuos.<\/div>\n\t\t\t\t\t\t\t\t\n\t\t\t\t\t\t\t<\/div>\n\t\t\t\t\t\t<\/div>\n\t\t\t\t\t<\/div><\/div><div class=\"one-half animate_afr\"><div class=\"w-iconbox icon_left\">\n\t\t\t\t\t\t<div class=\"w-iconbox-h\">\n\t\t\t\t\t\t\t<div class=\"w-iconbox-icon\">\n\t\t\t\t\t\t\t\t<i class=\"fa fa-anchor\"><\/i>\t\t\t<\/div>\n\t\t\t\t\t\t\t<div class=\"w-iconbox-text\">\n\t\t\t\t\t\t\t\t<h3 class=\"w-iconbox-text-title\">Risers<\/h3>\n\t\t\t\t\t\t\t\t<div class=\"w-iconbox-text-description\">Limpieza con agua a ultra alta presi\u00f3n con boquilla rotativa del interior de los tubos que contienen los raiser. Recogida de dicha agua y traslado a centro homologado para su tratamiento. <\/div>\n\t\t\t\t\t\t\t\t\n\t\t\t\t\t\t\t<\/div>\n\t\t\t\t\t\t<\/div>\n\t\t\t\t\t<\/div><\/div><\/div>\n<\/div><\/div>","protected":false},"excerpt":{"rendered":"Tratamiento de superficies Limpieza de tanques navales e industriales, limpieza y lavado con agua a presi\u00f3n de todo tipo de superficies, cepillado mec\u00e1nico o manual, desgasificaci\u00f3n de tanques navales e industriales. Pinturas especiales Chorreo\u00a0seco, h\u00famedo y waterjetting\u00a0de todo tipo de","protected":false},"author":1,"featured_media":0,"parent":0,"menu_order":0,"comment_status":"open","ping_status":"closed","template":"","meta":[],"_links":{"self":[{"href":"https:\/\/www.carcrube.es\/esp\/wp-json\/wp\/v2\/pages\/15"}],"collection":[{"href":"https:\/\/www.carcrube.es\/esp\/wp-json\/wp\/v2\/pages"}],"about":[{"href":"https:\/\/www.carcrube.es\/esp\/wp-json\/wp\/v2\/types\/page"}],"author":[{"embeddable":true,"href":"https:\/\/www.carcrube.es\/esp\/wp-json\/wp\/v2\/users\/1"}],"replies":[{"embeddable":true,"href":"https:\/\/www.carcrube.es\/esp\/wp-json\/wp\/v2\/comments?post=15"}],"version-history":[{"count":12,"href":"https:\/\/www.carcrube.es\/esp\/wp-json\/wp\/v2\/pages\/15\/revisions"}],"predecessor-version":[{"id":1870,"href":"https:\/\/www.carcrube.es\/esp\/wp-json\/wp\/v2\/pages\/15\/revisions\/1870"}],"wp:attachment":[{"href":"https:\/\/www.carcrube.es\/esp\/wp-json\/wp\/v2\/media?parent=15"}],"curies":[{"name":"wp","href":"https:\/\/api.w.org\/{rel}","templated":true}]}}