{"id":1909,"date":"2018-10-24T09:46:09","date_gmt":"2018-10-24T09:46:09","guid":{"rendered":"http:\/\/www.carcrube.es\/esp\/?page_id=1909"},"modified":"2021-06-18T14:31:57","modified_gmt":"2021-06-18T14:31:57","slug":"politica-de-privacidad","status":"publish","type":"page","link":"https:\/\/www.carcrube.es\/esp\/politica-de-privacidad","title":{"rendered":"Pol\u00edtica de privacidad"},"content":{"rendered":"<div class=\"l-submain\"><div class=\"l-submain-h g-html i-cf\"><p>El objetivo de esta\u00a0pol\u00edtica es informar a los interesados acerca de los distintos tratamientos realizados por esta organizaci\u00f3n mediante la p\u00e1gina web y que afecten a sus datos personales de conformidad con lo establecido en la Ley Org\u00e1nica 3\/2018, de 5 de diciembre, de Protecci\u00f3n de Datos Personales y garant\u00eda de los derechos digitales y el Reglamento (UE) 2016\/679 del Parlamento Europeo y del Consejo de 27 de abril de 2016.<\/p>\n<blockquote>\n<ol>\n<li><strong>IDENTIFICACI\u00d3N Y DATOS DE CONTACTO DEL RESPONSABLE.<\/strong><\/li>\n<\/ol>\n<\/blockquote>\n<p style=\"text-align: justify;\">La organizaci\u00f3n CARCRUBE SL, domiciliada en la C\/ BLANDY BROTHERS PARCELA 5 PUERTO DE LA LUZ (35008 LAS PALMAS) LAS PALMAS DE GRAN CANARIA, con <strong>N.I.F.<\/strong> B35234038, tel\u00e9fono de contacto: 928460002 y correo electr\u00f3nico carcrube@carcrube.es.<\/p>\n<blockquote>\n<ol start=\"2\">\n<li><strong>FINALIDADES DEL TRATAMIENTO DE SUS DATOS PERSONALES.<\/strong><\/li>\n<\/ol>\n<\/blockquote>\n<ul>\n<li><strong>USUARIOS\/NAVEGANTES DE LA P\u00c1GINA WEB DEL RESPONSABLE.<br \/>\n<\/strong>Trataremos sus datos de car\u00e1cter personal facilitados a trav\u00e9s de nuestros formularios web para:<\/p>\n<ul>\n<li>Atender a las solicitudes, quejas e incidencias trasladadas a trav\u00e9s de nuestros canales de contacto incorporados en la p\u00e1gina web.<\/li>\n<li>Entender el comportamiento del navegante dentro de la web con el fin de detectar posibles ataques inform\u00e1ticos a nuestra web.<\/li>\n<li>Cumplir con las obligaciones legales que nos resulten directamente aplicables y regulen nuestra actividad.<\/li>\n<li>Para proteger y ejercer nuestros derechos o responder ante reclamaciones de cualquier \u00edndole.<\/li>\n<li>En su caso, env\u00edo de comunicaciones comerciales relativas a los bienes o servicios que conforman nuestra actividad., y\/o noticias o boletines relacionados con nuestro sector.<\/li>\n<li>Gestionar y enviarle el presupuesto solicitado.<\/li>\n<li>Gestionamos sus datos para programar la cita solicitada.<\/li>\n<li>Gestionar, administrar, supervisar su actividad en el blog\/foro incorporado.<\/li>\n<\/ul>\n<\/li>\n<\/ul>\n<ul>\n<li><strong>CLIENTES.<\/strong><br \/>\nTrataremos sus datos de car\u00e1cter personal facilitados a trav\u00e9s de nuestros formularios web para:<\/p>\n<ul>\n<li>La gesti\u00f3n de la relaci\u00f3n comercial.<\/li>\n<li>La prestaci\u00f3n de los servicios que nos haya contratado.<\/li>\n<li>Gestiones relacionadas con el env\u00edo y recepci\u00f3n del producto adquirido a trav\u00e9s de esta p\u00e1gina web.<\/li>\n<li>La gesti\u00f3n administrativa, contable y fiscal.<\/li>\n<li>Atender a las solicitudes, quejas e incidencias trasladadas a trav\u00e9s de nuestros canales de contacto incorporados en la p\u00e1gina web.<\/li>\n<li>Entender el comportamiento del navegante dentro de la web con el fin de detectar posibles ataques inform\u00e1ticos a nuestra web.<\/li>\n<li>En su caso, realizar encuestas de calidad que nos permitan evaluar nuestro servicio.<\/li>\n<li>En su caso, realizar sorteos.<\/li>\n<li>En su caso, env\u00edo de comunicaciones comerciales relativas a los bienes o servicios que conforman nuestra actividad., y\/o noticas o boletines relacionados con nuestro sector.<\/li>\n<li>Cumplir con las obligaciones legales que nos resulten directamente aplicables y regulen nuestra actividad.<\/li>\n<li>Para proteger y ejercer nuestros derechos o responder ante reclamaciones de cualquier \u00edndole.<\/li>\n<\/ul>\n<\/li>\n<\/ul>\n<ul>\n<li><strong>PROVEEDORES.<\/strong>\n<ul>\n<li>Gesti\u00f3n de la relaci\u00f3n comercial.<\/li>\n<li>Atender a las solicitudes, quejas e incidencias trasladadas a trav\u00e9s de nuestros canales de contacto incorporados en la p\u00e1gina web.<\/li>\n<li>Entender el comportamiento del navegante dentro de la web con el fin de detectar posibles ataques inform\u00e1ticos a nuestra web.<\/li>\n<li>Cumplir con las obligaciones legales que nos resulten directamente aplicables y regulen nuestra actividad.<\/li>\n<li>Para proteger y ejercer nuestros derechos o responder ante reclamaciones de cualquier \u00edndole.<\/li>\n<li>En su caso, env\u00edo de comunicaciones comerciales relativas a los bienes o servicios que conforman nuestra actividad., y\/o noticas o boletines relacionados con nuestro sector.<\/li>\n<\/ul>\n<\/li>\n<\/ul>\n<ul>\n<li><strong>CANDIDATOS A OFERTAS DE TRABAJO O POSTULANTES A EMPLEO.<\/strong><br \/>\nTrataremos sus datos de car\u00e1cter personal facilitados a trav\u00e9s de nuestros formularios web para:<\/p>\n<ul>\n<li>Gestionar tu candidatura.<\/li>\n<li>Comunicarnos contigo para ir inform\u00e1ndote del estado del proceso de selecci\u00f3n y de tu candidatura en el mismo.<\/li>\n<li>Entender el comportamiento del navegante dentro de la web con el fin de detectar posibles ataques inform\u00e1ticos a nuestra web.<\/li>\n<li>Para proteger y ejercer nuestros derechos o responder ante reclamaciones de cualquier \u00edndole<\/li>\n<li>Env\u00edo de comunicaciones relativas a nuevas ofertas de trabajo que realicemos y se adecuen a tus necesidades; siempre y cuando nos hayas autorizado, previamente, a enviarte dicha informaci\u00f3n.<\/li>\n<li>Cesi\u00f3n de sus datos a entidades que conforman el grupo.<\/li>\n<\/ul>\n<\/li>\n<\/ul>\n<blockquote>\n<ol start=\"3\">\n<li><strong>BASE JUR\u00cdDICA DEL TRATAMIENTO.<\/strong><\/li>\n<\/ol>\n<\/blockquote>\n<ul>\n<li><strong>USUARIOS\/NAVEGANTES EN LA P\u00c1GINA WEB DEL RESPONSABLE.<\/strong>\n<ul>\n<li>En el consentimiento que nos has prestado para tratar tus datos con las finalidades indicadas. La negativa a facilitar sus datos personales conllevara la imposibilidad de tratar sus datos con las finalidades mencionadas.<\/li>\n<li>Para cumplir con las obligaciones legales que se nos aplican. En este caso, el interesado no podr\u00e1 negarse al tratamiento de los datos personales.<\/li>\n<li>En nuestro inter\u00e9s leg\u00edtimo de proteger nuestra imagen, negocio y trayectoria evitando ataques a nuestra p\u00e1gina web. En este caso, el interesado no podr\u00e1 negarse al tratamiento de los datos personales, aunque podr\u00e1 ejercer, en su caso, los derechos reconocidos en el apartado octavos de la presente pol\u00edtica.<\/li>\n<\/ul>\n<\/li>\n<\/ul>\n<ul>\n<li><strong>CLIENTES.<\/strong>\n<ul>\n<li>Ejecuci\u00f3n de un contrato en el que sea parte o aplicaci\u00f3n de medias precontractuales. La negativa a facilitar sus datos personales conllevara la imposibilidad de tratar sus datos con las finalidades mencionadas.<\/li>\n<li>En el consentimiento que nos has prestado para tratar tus datos respecto de las finalidades ajenas al desarrollo o ejecuci\u00f3n del contrato existente. La negativa a facilitar sus datos personales conllevara la imposibilidad de tratar sus datos con las finalidades mencionadas.<\/li>\n<li>Para cumplir con las obligaciones legales que se nos aplican. En este caso, el interesado no podr\u00e1 negarse al tratamiento de los datos personales.<\/li>\n<li>En nuestro inter\u00e9s leg\u00edtimo de proteger nuestra imagen, negocio y trayectoria evitando ataques a nuestra p\u00e1gina web. En este caso, el interesado no podr\u00e1 negarse al tratamiento de los datos personales, aunque podr\u00e1 ejercer, en su caso, los derechos reconocidos en el apartado octavos de la presente pol\u00edtica.<\/li>\n<\/ul>\n<\/li>\n<\/ul>\n<ul>\n<li><strong>PROVEEDORES.<\/strong>\n<ul>\n<li>Ejecuci\u00f3n de un contrato en el que sea parte o aplicaci\u00f3n de medias precontractuales. La negativa a facilitar sus datos personales conllevara la imposibilidad de tratar sus datos con las finalidades mencionadas.<\/li>\n<li>En el consentimiento que nos has prestado para tratar tus datos respecto de las finalidades ajenas al desarrollo o ejecuci\u00f3n del contrato existente. La negativa a facilitar sus datos personales conllevara la imposibilidad de tratar sus datos con las finalidades mencionadas.<\/li>\n<li>Para cumplir con las obligaciones legales que se nos aplican. En este caso, el interesado no podr\u00e1 negarse al tratamiento de los datos personales.<\/li>\n<li>En nuestro inter\u00e9s leg\u00edtimo de proteger nuestra imagen, negocio y trayectoria evitando ataques a nuestra p\u00e1gina web. En este caso, el interesado no podr\u00e1 negarse al tratamiento de los datos personales, aunque podr\u00e1 ejercer, en su caso, los derechos reconocidos en el apartado octavos de la presente pol\u00edtica.<\/li>\n<\/ul>\n<\/li>\n<\/ul>\n<ul>\n<li><strong>CANDIDATOS A OFERTAS DE TRABAJO O POSTULANTES A EMPLEO.<\/strong>\n<ul>\n<li>En el consentimiento que nos has prestado para tratar tus datos con las finalidades indicadas. La negativa a facilitar sus datos personales conllevara la imposibilidad de tratar sus datos con las finalidades mencionadas.<\/li>\n<li>Para cumplir con las obligaciones legales que se nos aplican. En este caso, el interesado no podr\u00e1 negarse al tratamiento de los datos personales.<\/li>\n<li>En nuestro inter\u00e9s leg\u00edtimo de proteger nuestra imagen, negocio y trayectoria evitando ataques a nuestra p\u00e1gina web. En este caso, el interesado no podr\u00e1 negarse al tratamiento de los datos personales, aunque podr\u00e1 ejercer, en su caso, los derechos reconocidos en el apartado octavos de la presente pol\u00edtica<\/li>\n<\/ul>\n<\/li>\n<\/ul>\n<blockquote>\n<ol start=\"4\">\n<li><strong>PLAZOS O CRITERIOS DE CONSERVACI\u00d3N DE LOS DATOS.<\/strong><\/li>\n<\/ol>\n<\/blockquote>\n<p>Los datos personales proporcionados se conservar\u00e1n durante el tiempo necesario para cumplir con las finalidades para los que fueron recopilados inicialmente.<\/p>\n<p>Una vez que los datos dejen de ser necesarios para el tratamiento en cuesti\u00f3n, estos se mantendr\u00e1n debidamente bloqueados para, en su caso, ponerlos a disposici\u00f3n de las Administraciones y Organismos P\u00fablicas competentes, Jueces y Tribunales o el Ministerio Fiscal, durante el plazo de prescripci\u00f3n de las acciones que pudieran derivarse de la relaci\u00f3n mantenida con el cliente y\/o los plazos de conservaci\u00f3n previstos legalmente.<\/p>\n<p>En el caso de que nos hayas facilitado tu curriculum, conservaremos tus datos durante el periodo m\u00e1ximo de un a\u00f1o desde la recepci\u00f3n del mismo por parte de la entidad, salvo que nos hayas autorizado a mantener tus datos por un periodo de conservaci\u00f3n mayor al indicado.<\/p>\n<p><em><u>Periodo de bloqueo de los datos:\u00a0<\/u><\/em><\/p>\n<ul>\n<li><strong>EL C\u00d3DIGO CIVIL.<\/strong> Entre 5 o 15 a\u00f1os seg\u00fan el caso, atendiendo a lo dispuesto en el art\u00edculo 1964.2 del cuerpo legal mencionado.<\/li>\n<li><strong>EL C\u00d3DIGO DEL COMERCIO. <\/strong>Durante 6 a\u00f1os, atendiendo a dispuesto en el art\u00edculo 30 del cuerpo legal mencionado. Se aplica respecto de la informaci\u00f3n mercantil relacionada con (facturas emitidas y \u00a0recibidas, tickets, facturas rectificativas, documentos bancarios, etc.).<\/li>\n<li><strong>LA LEY GENERAL TRIBUTARIA.<\/strong> Durante 4 a\u00f1os atendiendo a dispuesto en\u00a0 los art\u00edculos 66 a 70 del cuerpo legal mencionado. Se aplica a la informaci\u00f3n relacionada con las obligaciones fiscales.<\/li>\n<li><strong>LEY 10\/2010, DE 28 DE ABRIL, DE PREVENCI\u00d3N DEL BLANQUEO DE CAPITALES Y DE LA FINANCIACI\u00d3N DEL TERRORISMO. <\/strong>Durante 10 a\u00f1os atendiendo a lo dispuesto en 25 de la ley.<\/li>\n<\/ul>\n<blockquote>\n<ol start=\"5\">\n<li><strong>DECISIONES AUTOMATIZADAS Y ELABORACI\u00d3N DE PERFILES.<\/strong><\/li>\n<\/ol>\n<\/blockquote>\n<p>La p\u00e1gina web no toma decisiones automatizadas ni elabora perfiles.<\/p>\n<blockquote>\n<ol start=\"6\">\n<li><strong>DESTINATARIOS.<\/strong><\/li>\n<\/ol>\n<\/blockquote>\n<p>Durante el periodo de duraci\u00f3n del tratamiento de sus datos personales, organizaci\u00f3n podr\u00e1 ceder sus datos a los siguientes destinatarios:<\/p>\n<ul>\n<li>Jueces y Tribunales.<\/li>\n<li>Fuerzas y Cuerpos de Seguridad del Estado.<\/li>\n<li>Otras autoridades u organismos p\u00fablicos competentes, cuando el responsable tenga la obligaci\u00f3n legal de facilitar los datos personales.<\/li>\n<li>Bancos y Entidades Financieras, en el caso de que nos contrate.<\/li>\n<\/ul>\n<blockquote>\n<ol start=\"7\">\n<li><strong>TRANSFERENCIAS INTERNACIONALES DE DATOS.<\/strong><\/li>\n<\/ol>\n<\/blockquote>\n<p>La organizaci\u00f3n no realiza Transferencia Internacional de Datos alguna.<\/p>\n<blockquote>\n<ol start=\"8\">\n<li><strong>DERECHOS.<\/strong><\/li>\n<\/ol>\n<\/blockquote>\n<p>Los interesados podr\u00e1n ejercer en cualquier momento y de forma totalmente gratuita los derechos de <strong>acceso, rectificaci\u00f3n y supresi\u00f3n, as\u00ed como solicitar que se limite el tratamiento de sus datos personales, oponerse al mismo, solicitar la portabilidad de estos (siempre que sea t\u00e9cnicamente posible) o retirar el consentimiento prestado<\/strong>, y en su caso, cuando proceda, <strong>a no ser objeto de una decisi\u00f3n basada \u00fanicamente en un tratamiento automatizado, incluido la elaboraci\u00f3n de perfiles<\/strong>.<\/p>\n<p>Para ello podr\u00e1 emplear los formularios habilitados por la organizaci\u00f3n, o bien dirigir un escrito a la direcci\u00f3n postal o correo electr\u00f3nico arriba indicadas. En cualquier caso, su solicitud deber\u00e1 acompa\u00f1arse de una fotocopia de su D.N.I. o documento equivalente, con la finalidad de acreditar su identidad.<\/p>\n<p>En caso de que sienta vulnerados sus derechos en lo concerniente a la protecci\u00f3n de sus datos personales, especialmente cuando no haya obtenido satisfacci\u00f3n en el ejercicio de sus derechos, puede presentar una reclamaci\u00f3n ante la Autoridad de Control en materia de Protecci\u00f3n de Datos competente (Agencia Espa\u00f1ola de Protecci\u00f3n de Datos), a trav\u00e9s de su sitio web: www.agpd.es.<\/p>\n<p>En cumplimiento de lo dispuesto en el art\u00edculo 21 de la Ley 34\/2002 de servicios de la sociedad de la informaci\u00f3n y comercio electr\u00f3nico, si usted no desea recibir m\u00e1s informaci\u00f3n sobre nuestros servicios, puede darse de baja enviando un correo electr\u00f3nico a la direcci\u00f3n carcrube@carcrube.es, con asunto \u201cBAJAS\u201d.<\/p>\n<blockquote>\n<ol start=\"9\">\n<li><strong>VERACIDAD DE LOS DATOS.<\/strong><\/li>\n<\/ol>\n<\/blockquote>\n<p>El interesado garantiza que los datos aportados son verdaderos, exactos, completos y se encuentran actualizados; comprometi\u00e9ndose a informar de cualquier cambio respecto de los datos que aportara, por los canales habilitados al efecto e indicados en el punto uno de la presente pol\u00edtica. Ser\u00e1 responsable de cualquier da\u00f1o o perjuicio, tanto directo como indirecto, que pudiera ocasionar como consecuencia del incumplimiento de la presente obligaci\u00f3n.<\/p>\n<p>En el supuesto de que el usuario facilite datos de terceros, declara que cuenta con el consentimiento de los interesados y se compromete a trasladarle la informaci\u00f3n contenida en esta cl\u00e1usula, eximiendo a la organizaci\u00f3n de cualquier responsabilidad derivada por la falta de cumplimiento de la presente obligaci\u00f3n.<\/p>\n<blockquote>\n<ol start=\"10\">\n<li><strong>REDES SOCIALES.<\/strong><\/li>\n<\/ol>\n<\/blockquote>\n<p>Las Redes Sociales forman parte del d\u00eda a d\u00eda de muchos usuarios de Internet, y para ellos la Entidad ha creado distintos perfiles en algunas de ellas.<\/p>\n<p>Todos los usuarios que visitan nuestra p\u00e1gina web tienen la oportunidad de unirse a nuestras redes sociales o grupos.<\/p>\n<p>Sin embargo, debes tener en cuenta que, salvo que le solicitemos sus datos directamente (por ejemplo, mediante acciones de marketing, concursos, promociones, o cualquier otra forma v\u00e1lida), sus datos pertenecer\u00e1n a la Red Social correspondiente, por lo que le recomendamos que lea detenidamente sus condiciones de uso y pol\u00edticas de privacidad, as\u00ed como, se asegure de configurar sus preferencias en cuanto al tratamiento de los datos.<\/p>\n<blockquote>\n<ol start=\"11\">\n<li><strong>MODIFICACIONES\/ ACTUALIZACI\u00d3N.<\/strong><\/li>\n<\/ol>\n<\/blockquote>\n<p>La presente pol\u00edtica de privacidad puede verse modificada\/actualizada en funci\u00f3n de las exigencias legales establecidas o con la finalidad de adaptar dicha pol\u00edtica a las instrucciones dictadas por la Agencia Espa\u00f1ola de Protecci\u00f3n de Datos o cambios en nuestro sitio web.<\/p>\n<p>Por esta raz\u00f3n, aconsejamos a los usuarios que visiten peri\u00f3dicamente nuestra pol\u00edtica de privacidad.<\/p>\n<p>Si tiene dudas acerca de esta pol\u00edtica, puede contactar con CARCRUBE SL a trav\u00e9s del siguiente correo electr\u00f3nico: carcrube@carcrube.es<\/p>\n<p>&nbsp;<\/p>\n<p style=\"text-align: right;\"><strong>\u00daltima revisi\u00f3n: 18 de junio de 2021.<\/strong><\/p>\n<\/div><\/div>","protected":false},"excerpt":{"rendered":"<p>El objetivo de esta\u00a0pol\u00edtica es informar a los interesados acerca de los distintos tratamientos realizados por esta organizaci\u00f3n mediante la p\u00e1gina web y que afecten a sus datos personales de conformidad con lo establecido en la Ley Org\u00e1nica 3\/2018, de<\/p>\n","protected":false},"author":2,"featured_media":0,"parent":0,"menu_order":0,"comment_status":"closed","ping_status":"closed","template":"","meta":[],"_links":{"self":[{"href":"https:\/\/www.carcrube.es\/esp\/wp-json\/wp\/v2\/pages\/1909"}],"collection":[{"href":"https:\/\/www.carcrube.es\/esp\/wp-json\/wp\/v2\/pages"}],"about":[{"href":"https:\/\/www.carcrube.es\/esp\/wp-json\/wp\/v2\/types\/page"}],"author":[{"embeddable":true,"href":"https:\/\/www.carcrube.es\/esp\/wp-json\/wp\/v2\/users\/2"}],"replies":[{"embeddable":true,"href":"https:\/\/www.carcrube.es\/esp\/wp-json\/wp\/v2\/comments?post=1909"}],"version-history":[{"count":42,"href":"https:\/\/www.carcrube.es\/esp\/wp-json\/wp\/v2\/pages\/1909\/revisions"}],"predecessor-version":[{"id":1989,"href":"https:\/\/www.carcrube.es\/esp\/wp-json\/wp\/v2\/pages\/1909\/revisions\/1989"}],"wp:attachment":[{"href":"https:\/\/www.carcrube.es\/esp\/wp-json\/wp\/v2\/media?parent=1909"}],"curies":[{"name":"wp","href":"https:\/\/api.w.org\/{rel}","templated":true}]}}